{"id":8,"date":"2023-11-29T15:52:46","date_gmt":"2023-11-29T14:52:46","guid":{"rendered":"https:\/\/dev.rfdz-informatik.at\/"},"modified":"2023-11-29T16:08:17","modified_gmt":"2023-11-29T15:08:17","slug":"ueber-uns","status":"publish","type":"page","link":"https:\/\/dev.rfdz-informatik.at\/","title":{"rendered":"\u00dcber uns"},"content":{"rendered":"\t\t<div data-elementor-type=\"wp-page\" data-elementor-id=\"8\" class=\"elementor elementor-8\">\n\t\t\t\t\t\t\t<div class=\"elementor-element elementor-element-b176785 e-flex e-con-boxed e-con e-parent\" data-id=\"b176785\" data-element_type=\"container\" data-settings=\"{&quot;content_width&quot;:&quot;boxed&quot;}\" data-core-v316-plus=\"true\">\n\t\t\t\t\t<div class=\"e-con-inner\">\n\t\t<div class=\"elementor-element elementor-element-7b0b0de e-flex e-con-boxed e-con e-child\" data-id=\"7b0b0de\" data-element_type=\"container\" data-settings=\"{&quot;content_width&quot;:&quot;boxed&quot;}\">\n\t\t\t\t\t<div class=\"e-con-inner\">\n\t\t\t\t<div class=\"elementor-element elementor-element-e73a61e elementor-widget elementor-widget-heading\" data-id=\"e73a61e\" data-element_type=\"widget\" data-widget_type=\"heading.default\">\n\t\t\t\t<div class=\"elementor-widget-container\">\n\t\t\t<style>\/*! elementor - v3.17.0 - 08-11-2023 *\/\n.elementor-heading-title{padding:0;margin:0;line-height:1}.elementor-widget-heading .elementor-heading-title[class*=elementor-size-]>a{color:inherit;font-size:inherit;line-height:inherit}.elementor-widget-heading .elementor-heading-title.elementor-size-small{font-size:15px}.elementor-widget-heading .elementor-heading-title.elementor-size-medium{font-size:19px}.elementor-widget-heading .elementor-heading-title.elementor-size-large{font-size:29px}.elementor-widget-heading .elementor-heading-title.elementor-size-xl{font-size:39px}.elementor-widget-heading .elementor-heading-title.elementor-size-xxl{font-size:59px}<\/style><h2 class=\"elementor-heading-title elementor-size-default\">Wie alles begann...<\/h2>\t\t<\/div>\n\t\t\t\t<\/div>\n\t\t\t\t\t<\/div>\n\t\t\t\t<\/div>\n\t\t<div class=\"elementor-element elementor-element-e22d10d e-flex e-con-boxed e-con e-child\" data-id=\"e22d10d\" data-element_type=\"container\" data-settings=\"{&quot;content_width&quot;:&quot;boxed&quot;}\">\n\t\t\t\t\t<div class=\"e-con-inner\">\n\t\t\t\t<div class=\"elementor-element elementor-element-0fcc842 elementor-widget elementor-widget-text-editor\" data-id=\"0fcc842\" data-element_type=\"widget\" data-widget_type=\"text-editor.default\">\n\t\t\t\t<div class=\"elementor-widget-container\">\n\t\t\t<style>\/*! elementor - v3.17.0 - 08-11-2023 *\/\n.elementor-widget-text-editor.elementor-drop-cap-view-stacked .elementor-drop-cap{background-color:#69727d;color:#fff}.elementor-widget-text-editor.elementor-drop-cap-view-framed .elementor-drop-cap{color:#69727d;border:3px solid;background-color:transparent}.elementor-widget-text-editor:not(.elementor-drop-cap-view-default) .elementor-drop-cap{margin-top:8px}.elementor-widget-text-editor:not(.elementor-drop-cap-view-default) .elementor-drop-cap-letter{width:1em;height:1em}.elementor-widget-text-editor .elementor-drop-cap{float:left;text-align:center;line-height:1;font-size:50px}.elementor-widget-text-editor .elementor-drop-cap-letter{display:inline-block}<\/style>\t\t\t\t<p><span style=\"color: #404040; font-family: 'Open Sans', 'Helvetica Neue', helvetica, arial, sans-serif; font-size: 15px; font-style: normal; font-variant-ligatures: normal; font-variant-caps: normal; font-weight: 300;\">Das Regionale Fachdidaktikzentrum Informatik K\u00e4rnten wurde im Juli 2011 als Kooperation zwischen der Universit\u00e4t Klagenfurt mit dem Institut f\u00fcr Informatikdidaktik, der P\u00e4dagogische Hochschule K\u00e4rnten \u2013 Viktor Frankl Hochschule und der Bildungsdirektion K\u00e4rnten mit dem Ziel gegr\u00fcndet, den\u00a0<\/span><strong style=\"color: #404040; font-family: 'Open Sans', 'Helvetica Neue', helvetica, arial, sans-serif; font-size: 15px; font-style: normal; font-variant-ligatures: normal; font-variant-caps: normal;\">Informatikunterricht an ALLEN K\u00e4rntner Schulen<\/strong><span style=\"color: #404040; font-family: 'Open Sans', 'Helvetica Neue', helvetica, arial, sans-serif; font-size: 15px; font-style: normal; font-variant-ligatures: normal; font-variant-caps: normal; font-weight: 300;\">\u00a0zu f\u00f6rdern.<\/span><\/p>\t\t\t\t\t\t<\/div>\n\t\t\t\t<\/div>\n\t\t\t\t\t<\/div>\n\t\t\t\t<\/div>\n\t\t\t\t\t<\/div>\n\t\t\t\t<\/div>\n\t\t<div class=\"elementor-element elementor-element-df14721 e-flex e-con-boxed e-con e-parent\" data-id=\"df14721\" data-element_type=\"container\" data-settings=\"{&quot;content_width&quot;:&quot;boxed&quot;}\" data-core-v316-plus=\"true\">\n\t\t\t\t\t<div class=\"e-con-inner\">\n\t\t<div class=\"elementor-element elementor-element-f6c4604 e-flex e-con-boxed e-con e-child\" data-id=\"f6c4604\" data-element_type=\"container\" data-settings=\"{&quot;content_width&quot;:&quot;boxed&quot;}\">\n\t\t\t\t\t<div class=\"e-con-inner\">\n\t\t\t\t<div class=\"elementor-element elementor-element-c5776fa elementor-widget elementor-widget-text-editor\" data-id=\"c5776fa\" data-element_type=\"widget\" data-widget_type=\"text-editor.default\">\n\t\t\t\t<div class=\"elementor-widget-container\">\n\t\t\t\t\t\t\t<p><span style=\"color: #404040; font-family: 'Open Sans', 'Helvetica Neue', helvetica, arial, sans-serif; font-size: 15px; font-style: normal; font-variant-ligatures: normal; font-variant-caps: normal; font-weight: 300;\">Auf Basis von internationalen Gutachten und der Entscheidung einer ExpertInnenjury wurde im Mai 2014 dem RFDZ Informatik zum ersten Mal das\u00a0<\/span><strong style=\"color: #404040; font-family: 'Open Sans', 'Helvetica Neue', helvetica, arial, sans-serif; font-size: 15px; font-style: normal; font-variant-ligatures: normal; font-variant-caps: normal;\">Qualit\u00e4tslabels \u201eRECC\u201c (Regional Educational Competence Centre)<\/strong><span style=\"color: #404040; font-family: 'Open Sans', 'Helvetica Neue', helvetica, arial, sans-serif; font-size: 15px; font-style: normal; font-variant-ligatures: normal; font-variant-caps: normal; font-weight: 300;\">\u00a0in einer festlichen Veranstaltung im Bundesministerium f\u00fcr Bildung, Wissenschaft und Forschung verliehen. RECC (Regional Educational Competence Centre) sind Zentren, die sich mit fachdidaktische Forschung, Aus- und Weiterbildung sowie Vernetzung mit den regionalen fachbezogenen Institutionen eines Bundeslandes aus den Bereichen Wissenschaft, Schulpraxis und Bildungsbeh\u00f6rde besch\u00e4ftigen, erf\u00fcllen die Voraussetzungen f\u00fcr ein RECC-Qualit\u00e4tslabel. Im Mai 2018 wurde dem RFDZ Informatik ein zweites Mal dieses Qualit\u00e4tslabel verliehen, und damit die kontinuierliche qualit\u00e4tsvolle Arbeit best\u00e4tigt.<\/span><\/p>\t\t\t\t\t\t<\/div>\n\t\t\t\t<\/div>\n\t\t\t\t\t<\/div>\n\t\t\t\t<\/div>\n\t\t<div class=\"elementor-element elementor-element-342e003 e-flex e-con-boxed e-con e-child\" data-id=\"342e003\" data-element_type=\"container\" data-settings=\"{&quot;content_width&quot;:&quot;boxed&quot;}\">\n\t\t\t\t\t<div class=\"e-con-inner\">\n\t\t\t\t<div class=\"elementor-element elementor-element-e6e21a1 elementor-widget elementor-widget-heading\" data-id=\"e6e21a1\" data-element_type=\"widget\" data-widget_type=\"heading.default\">\n\t\t\t\t<div class=\"elementor-widget-container\">\n\t\t\t<h2 class=\"elementor-heading-title elementor-size-default\">Der Weg zum Regionalen Kompetenzzentrum<\/h2>\t\t<\/div>\n\t\t\t\t<\/div>\n\t\t\t\t\t<\/div>\n\t\t\t\t<\/div>\n\t\t\t\t\t<\/div>\n\t\t\t\t<\/div>\n\t\t<div class=\"elementor-element elementor-element-67f24e1 e-flex e-con-boxed e-con e-parent\" data-id=\"67f24e1\" data-element_type=\"container\" data-settings=\"{&quot;content_width&quot;:&quot;boxed&quot;}\" data-core-v316-plus=\"true\">\n\t\t\t\t\t<div class=\"e-con-inner\">\n\t\t<div class=\"elementor-element elementor-element-de195b5 e-flex e-con-boxed e-con e-child\" data-id=\"de195b5\" data-element_type=\"container\" data-settings=\"{&quot;content_width&quot;:&quot;boxed&quot;}\">\n\t\t\t\t\t<div class=\"e-con-inner\">\n\t\t\t\t<div class=\"elementor-element elementor-element-bd9d5a0 elementor-widget elementor-widget-heading\" data-id=\"bd9d5a0\" data-element_type=\"widget\" data-widget_type=\"heading.default\">\n\t\t\t\t<div class=\"elementor-widget-container\">\n\t\t\t<h2 class=\"elementor-heading-title elementor-size-default\">Unsere Aktivit\u00e4ten<\/h2>\t\t<\/div>\n\t\t\t\t<\/div>\n\t\t\t\t\t<\/div>\n\t\t\t\t<\/div>\n\t\t<div class=\"elementor-element elementor-element-decab37 e-flex e-con-boxed e-con e-child\" data-id=\"decab37\" data-element_type=\"container\" data-settings=\"{&quot;content_width&quot;:&quot;boxed&quot;}\">\n\t\t\t\t\t<div class=\"e-con-inner\">\n\t\t\t\t<div class=\"elementor-element elementor-element-c472a54 elementor-widget elementor-widget-text-editor\" data-id=\"c472a54\" data-element_type=\"widget\" data-widget_type=\"text-editor.default\">\n\t\t\t\t<div class=\"elementor-widget-container\">\n\t\t\t\t\t\t\t<p><span style=\"color: #404040; font-family: 'Open Sans', 'Helvetica Neue', helvetica, arial, sans-serif; font-size: 15px; font-style: normal; font-variant-ligatures: normal; font-variant-caps: normal; font-weight: 300;\">Das Regionale Fachdidaktikzentrum Informatik K\u00e4rnten wurde im Juli 2011 als Kooperation zwischen der Universit\u00e4t Klagenfurt mit dem Institut f\u00fcr Informatikdidaktik, der P\u00e4dagogische Hochschule K\u00e4rnten \u2013 Viktor Frankl Hochschule und der Bildungsdirektion K\u00e4rnten mit dem Ziel gegr\u00fcndet, den\u00a0<\/span><strong style=\"color: #404040; font-family: 'Open Sans', 'Helvetica Neue', helvetica, arial, sans-serif; font-size: 15px; font-style: normal; font-variant-ligatures: normal; font-variant-caps: normal;\">Informatikunterricht an ALLEN K\u00e4rntner Schulen<\/strong><span style=\"color: #404040; font-family: 'Open Sans', 'Helvetica Neue', helvetica, arial, sans-serif; font-size: 15px; font-style: normal; font-variant-ligatures: normal; font-variant-caps: normal; font-weight: 300;\">\u00a0zu f\u00f6rdern.<\/span><\/p>\t\t\t\t\t\t<\/div>\n\t\t\t\t<\/div>\n\t\t\t\t\t<\/div>\n\t\t\t\t<\/div>\n\t\t\t\t\t<\/div>\n\t\t\t\t<\/div>\n\t\t<div class=\"elementor-element elementor-element-c15e88d e-flex e-con-boxed e-con e-parent\" data-id=\"c15e88d\" data-element_type=\"container\" data-settings=\"{&quot;content_width&quot;:&quot;boxed&quot;}\" data-core-v316-plus=\"true\">\n\t\t\t\t\t<div class=\"e-con-inner\">\n\t\t<div class=\"elementor-element elementor-element-b320a26 e-flex e-con-boxed e-con e-child\" data-id=\"b320a26\" data-element_type=\"container\" data-settings=\"{&quot;content_width&quot;:&quot;boxed&quot;}\">\n\t\t\t\t\t<div class=\"e-con-inner\">\n\t\t\t\t<div class=\"elementor-element elementor-element-b0907f8 elementor-widget elementor-widget-text-editor\" data-id=\"b0907f8\" data-element_type=\"widget\" data-widget_type=\"text-editor.default\">\n\t\t\t\t<div class=\"elementor-widget-container\">\n\t\t\t\t\t\t\t<p style=\"margin-bottom: 10px; color: #404040; font-family: 'Open Sans', 'Helvetica Neue', helvetica, arial, sans-serif; font-size: 15px; font-style: normal; font-variant-ligatures: normal; font-variant-caps: normal; font-weight: 300;\">Ein zentraler\u00a0Bereich ist die Entwicklung von\u00a0Unterrichtskonzepten\u00a0und\u00a0Unterrichtsmaterialien\u00a0(die\u00a0<a style=\"background-color: transparent; color: #019399;\" href=\"https:\/\/www.rfdz-informatik.at\/materialboerse\/\">Materialb\u00f6rse<\/a>)\u00a0sowie die Organisation und Durchf\u00fchrung der\u00a0<a style=\"background-color: transparent; color: #019399;\" href=\"https:\/\/www.rfdz-informatik.at\/informatik-werkstatt\/\">Informatik-Werkstatt<\/a>.\u00a0Im Rahmen der Informatik Werkstatt k\u00f6nnen unterschiedliche Veranstaltungen besucht werden, z.B.\u00a0Workshops f\u00fcr Schulklassen aber auch Workshops f\u00fcr Sch\u00fclerinnen und Sch\u00fcler, Ferienangebote und Kooperationsveranstaltungen mit dem\u00a0Talentecamp\u00a0und der\u00a0Werkstatt der Begabungs- und Begabtenf\u00f6rderung K\u00e4rnten (BBF).\u00a0<\/p><p style=\"margin-bottom: 10px; color: #404040; font-family: 'Open Sans', 'Helvetica Neue', helvetica, arial, sans-serif; font-size: 15px; font-style: normal; font-variant-ligatures: normal; font-variant-caps: normal; font-weight: 300;\">Unser\u00a0Angebot f\u00fcr<strong>\u00a0Lehrkr\u00e4fte<\/strong>\u00a0setzt sich aus verschiedenen Bereichen zusammen:\u00a0Wir bieten\u00a0z.B.\u00a0ein breites\u00a0<a style=\"background-color: transparent; color: #019399;\" href=\"https:\/\/www.rfdz-informatik.at\/aktivitaeten\/fort-weiterbildung\/\">Fortbildungsangebot<\/a>,\u00a0das \u00fcber die p\u00e4dagogische Hochschule K\u00e4rnten angeboten wird. Lehrkr\u00e4fte\u00a0k\u00f6nnen aber auch\u00a0<a style=\"background-color: transparent; color: #019399;\" href=\"https:\/\/www.rfdz-informatik.at\/workshopanmeldung-schulklassen\/\">Workshops\u00a0f\u00fcr Schulklassen<\/a>\u00a0an unserem Institut an der Universit\u00e4t Klagenfurt\u00a0(im Lakeside Park)\u00a0buchen,\u00a0die sie mit ihren Sch\u00fclerinnen und Sch\u00fclern besuchen k\u00f6nnen.\u00a0\u00dcber die\u00a0<a style=\"background-color: transparent; color: #019399;\" href=\"https:\/\/www.rfdz-informatik.at\/materialboerse\/\">Materialb\u00f6rse<\/a>\u00a0k\u00f6nnen\u00a0Unterrichtsmaterialien\u00a0(z.B.\u00a0Arbeitsbl\u00e4tter,\u00a0Pr\u00e4sentationen,\u00a0Anleitungen)\u00a0heruntergeladen\u00a0werden,\u00a0die f\u00fcr den eigenen Unterricht verwendet werden k\u00f6nnen.\u00a0<\/p><p style=\"margin-bottom: 10px; color: #404040; font-family: 'Open Sans', 'Helvetica Neue', helvetica, arial, sans-serif; font-size: 15px; font-style: normal; font-variant-ligatures: normal; font-variant-caps: normal; font-weight: 300;\"><strong>Interessierte Sch\u00fclerinnen und Sch\u00fcler<\/strong>\u00a0haben\u00a0w\u00e4hrend es Schuljahres\u00a0die M\u00f6glichkeit,\u00a0<a style=\"background-color: transparent; color: #019399;\" href=\"https:\/\/www.rfdz-informatik.at\/informatik-werkstatt\/\">Workshops\u00a0zu verschiedenen informatischen Themen<\/a>\u00a0in unserer Informatik-Werkstatt\u00a0zu besuchen,\u00a0oder im\u00a0Sommer\u00a0unser\u00a0<a style=\"background-color: transparent; color: #019399;\" href=\"https:\/\/www.rfdz-informatik.at\/informatik-werkstatt\/sommerangebote\/\">Ferienangebot<\/a>\u00a0zu nutzen.\u00a0<\/p><p style=\"margin-bottom: 10px; color: #404040; font-family: 'Open Sans', 'Helvetica Neue', helvetica, arial, sans-serif; font-size: 15px; font-style: normal; font-variant-ligatures: normal; font-variant-caps: normal; font-weight: 300;\">Wir entwickeln unser Angebot laufend weiter, um aktuelle Themen und Entwicklungen in unseren Aktivit\u00e4ten zu ber\u00fccksichtigen, um Lehrkr\u00e4fte bei ihrer Aufgabe zu unterst\u00fctzen sowie Sch\u00fclerinnen und Sch\u00fclern die Informatik n\u00e4her zu bringen.\u00a0<\/p>\t\t\t\t\t\t<\/div>\n\t\t\t\t<\/div>\n\t\t\t\t\t<\/div>\n\t\t\t\t<\/div>\n\t\t<div class=\"elementor-element elementor-element-36d3866 e-flex e-con-boxed e-con e-child\" data-id=\"36d3866\" data-element_type=\"container\" data-settings=\"{&quot;content_width&quot;:&quot;boxed&quot;}\">\n\t\t\t\t\t<div class=\"e-con-inner\">\n\t\t\t\t<div class=\"elementor-element elementor-element-c3c74c8 elementor-widget elementor-widget-heading\" data-id=\"c3c74c8\" data-element_type=\"widget\" data-widget_type=\"heading.default\">\n\t\t\t\t<div class=\"elementor-widget-container\">\n\t\t\t<h2 class=\"elementor-heading-title elementor-size-default\">Die Informatik-Werkstatt<\/h2>\t\t<\/div>\n\t\t\t\t<\/div>\n\t\t\t\t\t<\/div>\n\t\t\t\t<\/div>\n\t\t\t\t\t<\/div>\n\t\t\t\t<\/div>\n\t\t\t\t\t\t\t<\/div>\n\t\t","protected":false},"excerpt":{"rendered":"<p>Wie alles begann&#8230; Das Regionale Fachdidaktikzentrum Informatik K\u00e4rnten wurde im Juli 2011 als Kooperation zwischen der Universit\u00e4t Klagenfurt mit dem Institut f\u00fcr Informatikdidaktik, der P\u00e4dagogische Hochschule<span class=\"excerpt-hellip\"> [\u2026]<\/span><\/p>\n","protected":false},"author":1,"featured_media":0,"parent":0,"menu_order":0,"comment_status":"closed","ping_status":"closed","template":"","meta":{"footnotes":""},"class_list":["post-8","page","type-page","status-publish","hentry"],"_links":{"self":[{"href":"https:\/\/dev.rfdz-informatik.at\/index.php?rest_route=\/wp\/v2\/pages\/8","targetHints":{"allow":["GET"]}}],"collection":[{"href":"https:\/\/dev.rfdz-informatik.at\/index.php?rest_route=\/wp\/v2\/pages"}],"about":[{"href":"https:\/\/dev.rfdz-informatik.at\/index.php?rest_route=\/wp\/v2\/types\/page"}],"author":[{"embeddable":true,"href":"https:\/\/dev.rfdz-informatik.at\/index.php?rest_route=\/wp\/v2\/users\/1"}],"replies":[{"embeddable":true,"href":"https:\/\/dev.rfdz-informatik.at\/index.php?rest_route=%2Fwp%2Fv2%2Fcomments&post=8"}],"version-history":[{"count":7,"href":"https:\/\/dev.rfdz-informatik.at\/index.php?rest_route=\/wp\/v2\/pages\/8\/revisions"}],"predecessor-version":[{"id":16,"href":"https:\/\/dev.rfdz-informatik.at\/index.php?rest_route=\/wp\/v2\/pages\/8\/revisions\/16"}],"wp:attachment":[{"href":"https:\/\/dev.rfdz-informatik.at\/index.php?rest_route=%2Fwp%2Fv2%2Fmedia&parent=8"}],"curies":[{"name":"wp","href":"https:\/\/api.w.org\/{rel}","templated":true}]}}